{"id":7423,"date":"2022-10-10T09:00:35","date_gmt":"2022-10-10T09:00:35","guid":{"rendered":"https:\/\/zq8n3avkhv.preview.infomaniak.website\/?page_id=7423"},"modified":"2023-12-12T14:50:04","modified_gmt":"2023-12-12T14:50:04","slug":"jobs","status":"publish","type":"page","link":"https:\/\/www.louisdewaele.be\/fr\/jobs\/","title":{"rendered":"Jobs"},"content":{"rendered":"","protected":false},"excerpt":{"rendered":"","protected":false},"author":23,"featured_media":7781,"parent":0,"menu_order":0,"comment_status":"closed","ping_status":"closed","template":"page-jobs.php","meta":{"_acf_changed":false,"footnotes":""},"class_list":["post-7423","page","type-page","status-publish","has-post-thumbnail","hentry"],"acf":[],"yoast_head":"<!-- This site is optimized with the Yoast SEO plugin v26.7 - https:\/\/yoast.com\/wordpress\/plugins\/seo\/ -->\n<title>Travailler dans une entreprise \u00e0 taille humaine | Louis De Waele<\/title>\n<meta name=\"description\" content=\"Nos collaborateurs sont notre principale richesse. Ils sont la t\u00eate, le c\u0153ur et les mains de Louis De Waele. Ensemble, nous formons une famille. Rejoignez-nous !\" \/>\n<meta name=\"robots\" content=\"index, follow, max-snippet:-1, max-image-preview:large, max-video-preview:-1\" \/>\n<link rel=\"canonical\" href=\"https:\/\/www.louisdewaele.be\/fr\/jobs\/\" \/>\n<meta property=\"og:locale\" content=\"fr_FR\" \/>\n<meta property=\"og:type\" content=\"article\" \/>\n<meta property=\"og:title\" content=\"Travailler dans une entreprise \u00e0 taille humaine | Louis De Waele\" \/>\n<meta property=\"og:description\" content=\"Nos collaborateurs sont notre principale richesse. Ils sont la t\u00eate, le c\u0153ur et les mains de Louis De Waele. Ensemble, nous formons une famille. Rejoignez-nous !\" \/>\n<meta property=\"og:url\" content=\"https:\/\/www.louisdewaele.be\/fr\/jobs\/\" \/>\n<meta property=\"og:site_name\" content=\"Louis De Waele Construction\" \/>\n<meta property=\"article:modified_time\" content=\"2023-12-12T14:50:04+00:00\" \/>\n<meta property=\"og:image\" content=\"http:\/\/www.louisdewaele.be\/wp-content\/uploads\/2022\/10\/Fred_Beard_HighDef-42-scaled.jpg\" \/>\n\t<meta property=\"og:image:width\" content=\"2560\" \/>\n\t<meta property=\"og:image:height\" content=\"1707\" \/>\n\t<meta property=\"og:image:type\" content=\"image\/jpeg\" \/>\n<meta name=\"twitter:card\" content=\"summary_large_image\" \/>\n<script type=\"application\/ld+json\" class=\"yoast-schema-graph\">{\"@context\":\"https:\/\/schema.org\",\"@graph\":[{\"@type\":\"WebPage\",\"@id\":\"https:\/\/www.louisdewaele.be\/fr\/jobs\/\",\"url\":\"https:\/\/www.louisdewaele.be\/fr\/jobs\/\",\"name\":\"Travailler dans une entreprise \u00e0 taille humaine | Louis De Waele\",\"isPartOf\":{\"@id\":\"https:\/\/www.louisdewaele.be\/fr\/#website\"},\"primaryImageOfPage\":{\"@id\":\"https:\/\/www.louisdewaele.be\/fr\/jobs\/#primaryimage\"},\"image\":{\"@id\":\"https:\/\/www.louisdewaele.be\/fr\/jobs\/#primaryimage\"},\"thumbnailUrl\":\"https:\/\/www.louisdewaele.be\/wp-content\/uploads\/2022\/10\/Fred_Beard_HighDef-42-scaled.jpg\",\"datePublished\":\"2022-10-10T09:00:35+00:00\",\"dateModified\":\"2023-12-12T14:50:04+00:00\",\"description\":\"Nos collaborateurs sont notre principale richesse. Ils sont la t\u00eate, le c\u0153ur et les mains de Louis De Waele. Ensemble, nous formons une famille. Rejoignez-nous !\",\"breadcrumb\":{\"@id\":\"https:\/\/www.louisdewaele.be\/fr\/jobs\/#breadcrumb\"},\"inLanguage\":\"fr-FR\",\"potentialAction\":[{\"@type\":\"ReadAction\",\"target\":[\"https:\/\/www.louisdewaele.be\/fr\/jobs\/\"]}]},{\"@type\":\"ImageObject\",\"inLanguage\":\"fr-FR\",\"@id\":\"https:\/\/www.louisdewaele.be\/fr\/jobs\/#primaryimage\",\"url\":\"https:\/\/www.louisdewaele.be\/wp-content\/uploads\/2022\/10\/Fred_Beard_HighDef-42-scaled.jpg\",\"contentUrl\":\"https:\/\/www.louisdewaele.be\/wp-content\/uploads\/2022\/10\/Fred_Beard_HighDef-42-scaled.jpg\",\"width\":2560,\"height\":1707},{\"@type\":\"BreadcrumbList\",\"@id\":\"https:\/\/www.louisdewaele.be\/fr\/jobs\/#breadcrumb\",\"itemListElement\":[{\"@type\":\"ListItem\",\"position\":1,\"name\":\"Home\",\"item\":\"https:\/\/www.louisdewaele.be\/fr\/\"},{\"@type\":\"ListItem\",\"position\":2,\"name\":\"Jobs\"}]},{\"@type\":\"WebSite\",\"@id\":\"https:\/\/www.louisdewaele.be\/fr\/#website\",\"url\":\"https:\/\/www.louisdewaele.be\/fr\/\",\"name\":\"Louis De Waele Construction\",\"description\":\"Louis De Waele Construction\",\"potentialAction\":[{\"@type\":\"SearchAction\",\"target\":{\"@type\":\"EntryPoint\",\"urlTemplate\":\"https:\/\/www.louisdewaele.be\/fr\/?s={search_term_string}\"},\"query-input\":{\"@type\":\"PropertyValueSpecification\",\"valueRequired\":true,\"valueName\":\"search_term_string\"}}],\"inLanguage\":\"fr-FR\"}]}<\/script>\n<!-- \/ Yoast SEO plugin. -->","yoast_head_json":{"title":"Travailler dans une entreprise \u00e0 taille humaine | Louis De Waele","description":"Nos collaborateurs sont notre principale richesse. Ils sont la t\u00eate, le c\u0153ur et les mains de Louis De Waele. Ensemble, nous formons une famille. Rejoignez-nous !","robots":{"index":"index","follow":"follow","max-snippet":"max-snippet:-1","max-image-preview":"max-image-preview:large","max-video-preview":"max-video-preview:-1"},"canonical":"https:\/\/www.louisdewaele.be\/fr\/jobs\/","og_locale":"fr_FR","og_type":"article","og_title":"Travailler dans une entreprise \u00e0 taille humaine | Louis De Waele","og_description":"Nos collaborateurs sont notre principale richesse. Ils sont la t\u00eate, le c\u0153ur et les mains de Louis De Waele. Ensemble, nous formons une famille. Rejoignez-nous !","og_url":"https:\/\/www.louisdewaele.be\/fr\/jobs\/","og_site_name":"Louis De Waele Construction","article_modified_time":"2023-12-12T14:50:04+00:00","og_image":[{"width":2560,"height":1707,"url":"http:\/\/www.louisdewaele.be\/wp-content\/uploads\/2022\/10\/Fred_Beard_HighDef-42-scaled.jpg","type":"image\/jpeg"}],"twitter_card":"summary_large_image","schema":{"@context":"https:\/\/schema.org","@graph":[{"@type":"WebPage","@id":"https:\/\/www.louisdewaele.be\/fr\/jobs\/","url":"https:\/\/www.louisdewaele.be\/fr\/jobs\/","name":"Travailler dans une entreprise \u00e0 taille humaine | Louis De Waele","isPartOf":{"@id":"https:\/\/www.louisdewaele.be\/fr\/#website"},"primaryImageOfPage":{"@id":"https:\/\/www.louisdewaele.be\/fr\/jobs\/#primaryimage"},"image":{"@id":"https:\/\/www.louisdewaele.be\/fr\/jobs\/#primaryimage"},"thumbnailUrl":"https:\/\/www.louisdewaele.be\/wp-content\/uploads\/2022\/10\/Fred_Beard_HighDef-42-scaled.jpg","datePublished":"2022-10-10T09:00:35+00:00","dateModified":"2023-12-12T14:50:04+00:00","description":"Nos collaborateurs sont notre principale richesse. Ils sont la t\u00eate, le c\u0153ur et les mains de Louis De Waele. Ensemble, nous formons une famille. Rejoignez-nous !","breadcrumb":{"@id":"https:\/\/www.louisdewaele.be\/fr\/jobs\/#breadcrumb"},"inLanguage":"fr-FR","potentialAction":[{"@type":"ReadAction","target":["https:\/\/www.louisdewaele.be\/fr\/jobs\/"]}]},{"@type":"ImageObject","inLanguage":"fr-FR","@id":"https:\/\/www.louisdewaele.be\/fr\/jobs\/#primaryimage","url":"https:\/\/www.louisdewaele.be\/wp-content\/uploads\/2022\/10\/Fred_Beard_HighDef-42-scaled.jpg","contentUrl":"https:\/\/www.louisdewaele.be\/wp-content\/uploads\/2022\/10\/Fred_Beard_HighDef-42-scaled.jpg","width":2560,"height":1707},{"@type":"BreadcrumbList","@id":"https:\/\/www.louisdewaele.be\/fr\/jobs\/#breadcrumb","itemListElement":[{"@type":"ListItem","position":1,"name":"Home","item":"https:\/\/www.louisdewaele.be\/fr\/"},{"@type":"ListItem","position":2,"name":"Jobs"}]},{"@type":"WebSite","@id":"https:\/\/www.louisdewaele.be\/fr\/#website","url":"https:\/\/www.louisdewaele.be\/fr\/","name":"Louis De Waele Construction","description":"Louis De Waele Construction","potentialAction":[{"@type":"SearchAction","target":{"@type":"EntryPoint","urlTemplate":"https:\/\/www.louisdewaele.be\/fr\/?s={search_term_string}"},"query-input":{"@type":"PropertyValueSpecification","valueRequired":true,"valueName":"search_term_string"}}],"inLanguage":"fr-FR"}]}},"_links":{"self":[{"href":"https:\/\/www.louisdewaele.be\/fr\/wp-json\/wp\/v2\/pages\/7423","targetHints":{"allow":["GET"]}}],"collection":[{"href":"https:\/\/www.louisdewaele.be\/fr\/wp-json\/wp\/v2\/pages"}],"about":[{"href":"https:\/\/www.louisdewaele.be\/fr\/wp-json\/wp\/v2\/types\/page"}],"author":[{"embeddable":true,"href":"https:\/\/www.louisdewaele.be\/fr\/wp-json\/wp\/v2\/users\/23"}],"replies":[{"embeddable":true,"href":"https:\/\/www.louisdewaele.be\/fr\/wp-json\/wp\/v2\/comments?post=7423"}],"version-history":[{"count":20,"href":"https:\/\/www.louisdewaele.be\/fr\/wp-json\/wp\/v2\/pages\/7423\/revisions"}],"predecessor-version":[{"id":10828,"href":"https:\/\/www.louisdewaele.be\/fr\/wp-json\/wp\/v2\/pages\/7423\/revisions\/10828"}],"wp:featuredmedia":[{"embeddable":true,"href":"https:\/\/www.louisdewaele.be\/fr\/wp-json\/wp\/v2\/media\/7781"}],"wp:attachment":[{"href":"https:\/\/www.louisdewaele.be\/fr\/wp-json\/wp\/v2\/media?parent=7423"}],"curies":[{"name":"wp","href":"https:\/\/api.w.org\/{rel}","templated":true}]}}