{"id":7522,"date":"2022-10-11T15:00:17","date_gmt":"2022-10-11T15:00:17","guid":{"rendered":"https:\/\/zq8n3avkhv.preview.infomaniak.website\/?page_id=7522"},"modified":"2025-09-26T07:31:32","modified_gmt":"2025-09-26T07:31:32","slug":"gouvernance","status":"publish","type":"page","link":"https:\/\/www.louisdewaele.be\/fr\/groupe\/gouvernance\/","title":{"rendered":"Gouvernance"},"content":{"rendered":"","protected":false},"excerpt":{"rendered":"","protected":false},"author":23,"featured_media":11025,"parent":7103,"menu_order":0,"comment_status":"closed","ping_status":"closed","template":"page-gouvernance.php","meta":{"_acf_changed":false,"footnotes":""},"class_list":["post-7522","page","type-page","status-publish","has-post-thumbnail","hentry"],"acf":[],"yoast_head":"<!-- This site is optimized with the Yoast SEO plugin v26.7 - https:\/\/yoast.com\/wordpress\/plugins\/seo\/ -->\n<title>Une gouvernance au service de notre ambition | Louis De Waele<\/title>\n<meta name=\"description\" content=\"Investi dans la mise en \u0153uvre de la strat\u00e9gie d\u2019entreprise, notre Comit\u00e9 ex\u00e9cutif est soucieux de maximiser les synergies au sein du groupe. D\u00e9couvrez-le !\" \/>\n<meta name=\"robots\" content=\"index, follow, max-snippet:-1, max-image-preview:large, max-video-preview:-1\" \/>\n<link rel=\"canonical\" href=\"https:\/\/www.louisdewaele.be\/fr\/groupe\/gouvernance\/\" \/>\n<meta property=\"og:locale\" content=\"fr_FR\" \/>\n<meta property=\"og:type\" content=\"article\" \/>\n<meta property=\"og:title\" content=\"Une gouvernance au service de notre ambition | Louis De Waele\" \/>\n<meta property=\"og:description\" content=\"Investi dans la mise en \u0153uvre de la strat\u00e9gie d\u2019entreprise, notre Comit\u00e9 ex\u00e9cutif est soucieux de maximiser les synergies au sein du groupe. D\u00e9couvrez-le !\" \/>\n<meta property=\"og:url\" content=\"https:\/\/www.louisdewaele.be\/fr\/groupe\/gouvernance\/\" \/>\n<meta property=\"og:site_name\" content=\"Louis De Waele Construction\" \/>\n<meta property=\"article:modified_time\" content=\"2025-09-26T07:31:32+00:00\" \/>\n<meta property=\"og:image\" content=\"http:\/\/www.louisdewaele.be\/wp-content\/uploads\/2024\/08\/2L5A2229_small.jpg\" \/>\n\t<meta property=\"og:image:width\" content=\"2000\" \/>\n\t<meta property=\"og:image:height\" content=\"1333\" \/>\n\t<meta property=\"og:image:type\" content=\"image\/jpeg\" \/>\n<meta name=\"twitter:card\" content=\"summary_large_image\" \/>\n<meta name=\"twitter:label1\" content=\"Dur\u00e9e de lecture estim\u00e9e\" \/>\n\t<meta name=\"twitter:data1\" content=\"1 minute\" \/>\n<script type=\"application\/ld+json\" class=\"yoast-schema-graph\">{\"@context\":\"https:\/\/schema.org\",\"@graph\":[{\"@type\":\"WebPage\",\"@id\":\"https:\/\/www.louisdewaele.be\/fr\/groupe\/gouvernance\/\",\"url\":\"https:\/\/www.louisdewaele.be\/fr\/groupe\/gouvernance\/\",\"name\":\"Une gouvernance au service de notre ambition | Louis De Waele\",\"isPartOf\":{\"@id\":\"https:\/\/www.louisdewaele.be\/fr\/#website\"},\"primaryImageOfPage\":{\"@id\":\"https:\/\/www.louisdewaele.be\/fr\/groupe\/gouvernance\/#primaryimage\"},\"image\":{\"@id\":\"https:\/\/www.louisdewaele.be\/fr\/groupe\/gouvernance\/#primaryimage\"},\"thumbnailUrl\":\"https:\/\/www.louisdewaele.be\/wp-content\/uploads\/2024\/08\/2L5A2229_small.jpg\",\"datePublished\":\"2022-10-11T15:00:17+00:00\",\"dateModified\":\"2025-09-26T07:31:32+00:00\",\"description\":\"Investi dans la mise en \u0153uvre de la strat\u00e9gie d\u2019entreprise, notre Comit\u00e9 ex\u00e9cutif est soucieux de maximiser les synergies au sein du groupe. D\u00e9couvrez-le !\",\"breadcrumb\":{\"@id\":\"https:\/\/www.louisdewaele.be\/fr\/groupe\/gouvernance\/#breadcrumb\"},\"inLanguage\":\"fr-FR\",\"potentialAction\":[{\"@type\":\"ReadAction\",\"target\":[\"https:\/\/www.louisdewaele.be\/fr\/groupe\/gouvernance\/\"]}]},{\"@type\":\"ImageObject\",\"inLanguage\":\"fr-FR\",\"@id\":\"https:\/\/www.louisdewaele.be\/fr\/groupe\/gouvernance\/#primaryimage\",\"url\":\"https:\/\/www.louisdewaele.be\/wp-content\/uploads\/2024\/08\/2L5A2229_small.jpg\",\"contentUrl\":\"https:\/\/www.louisdewaele.be\/wp-content\/uploads\/2024\/08\/2L5A2229_small.jpg\",\"width\":2000,\"height\":1333},{\"@type\":\"BreadcrumbList\",\"@id\":\"https:\/\/www.louisdewaele.be\/fr\/groupe\/gouvernance\/#breadcrumb\",\"itemListElement\":[{\"@type\":\"ListItem\",\"position\":1,\"name\":\"Home\",\"item\":\"https:\/\/www.louisdewaele.be\/fr\/\"},{\"@type\":\"ListItem\",\"position\":2,\"name\":\"Louis De Waele\",\"item\":\"https:\/\/www.louisdewaele.be\/fr\/groupe\/\"},{\"@type\":\"ListItem\",\"position\":3,\"name\":\"Gouvernance\"}]},{\"@type\":\"WebSite\",\"@id\":\"https:\/\/www.louisdewaele.be\/fr\/#website\",\"url\":\"https:\/\/www.louisdewaele.be\/fr\/\",\"name\":\"Louis De Waele Construction\",\"description\":\"Louis De Waele Construction\",\"potentialAction\":[{\"@type\":\"SearchAction\",\"target\":{\"@type\":\"EntryPoint\",\"urlTemplate\":\"https:\/\/www.louisdewaele.be\/fr\/?s={search_term_string}\"},\"query-input\":{\"@type\":\"PropertyValueSpecification\",\"valueRequired\":true,\"valueName\":\"search_term_string\"}}],\"inLanguage\":\"fr-FR\"}]}<\/script>\n<!-- \/ Yoast SEO plugin. -->","yoast_head_json":{"title":"Une gouvernance au service de notre ambition | Louis De Waele","description":"Investi dans la mise en \u0153uvre de la strat\u00e9gie d\u2019entreprise, notre Comit\u00e9 ex\u00e9cutif est soucieux de maximiser les synergies au sein du groupe. D\u00e9couvrez-le !","robots":{"index":"index","follow":"follow","max-snippet":"max-snippet:-1","max-image-preview":"max-image-preview:large","max-video-preview":"max-video-preview:-1"},"canonical":"https:\/\/www.louisdewaele.be\/fr\/groupe\/gouvernance\/","og_locale":"fr_FR","og_type":"article","og_title":"Une gouvernance au service de notre ambition | Louis De Waele","og_description":"Investi dans la mise en \u0153uvre de la strat\u00e9gie d\u2019entreprise, notre Comit\u00e9 ex\u00e9cutif est soucieux de maximiser les synergies au sein du groupe. D\u00e9couvrez-le !","og_url":"https:\/\/www.louisdewaele.be\/fr\/groupe\/gouvernance\/","og_site_name":"Louis De Waele Construction","article_modified_time":"2025-09-26T07:31:32+00:00","og_image":[{"width":2000,"height":1333,"url":"http:\/\/www.louisdewaele.be\/wp-content\/uploads\/2024\/08\/2L5A2229_small.jpg","type":"image\/jpeg"}],"twitter_card":"summary_large_image","twitter_misc":{"Dur\u00e9e de lecture estim\u00e9e":"1 minute"},"schema":{"@context":"https:\/\/schema.org","@graph":[{"@type":"WebPage","@id":"https:\/\/www.louisdewaele.be\/fr\/groupe\/gouvernance\/","url":"https:\/\/www.louisdewaele.be\/fr\/groupe\/gouvernance\/","name":"Une gouvernance au service de notre ambition | Louis De Waele","isPartOf":{"@id":"https:\/\/www.louisdewaele.be\/fr\/#website"},"primaryImageOfPage":{"@id":"https:\/\/www.louisdewaele.be\/fr\/groupe\/gouvernance\/#primaryimage"},"image":{"@id":"https:\/\/www.louisdewaele.be\/fr\/groupe\/gouvernance\/#primaryimage"},"thumbnailUrl":"https:\/\/www.louisdewaele.be\/wp-content\/uploads\/2024\/08\/2L5A2229_small.jpg","datePublished":"2022-10-11T15:00:17+00:00","dateModified":"2025-09-26T07:31:32+00:00","description":"Investi dans la mise en \u0153uvre de la strat\u00e9gie d\u2019entreprise, notre Comit\u00e9 ex\u00e9cutif est soucieux de maximiser les synergies au sein du groupe. D\u00e9couvrez-le !","breadcrumb":{"@id":"https:\/\/www.louisdewaele.be\/fr\/groupe\/gouvernance\/#breadcrumb"},"inLanguage":"fr-FR","potentialAction":[{"@type":"ReadAction","target":["https:\/\/www.louisdewaele.be\/fr\/groupe\/gouvernance\/"]}]},{"@type":"ImageObject","inLanguage":"fr-FR","@id":"https:\/\/www.louisdewaele.be\/fr\/groupe\/gouvernance\/#primaryimage","url":"https:\/\/www.louisdewaele.be\/wp-content\/uploads\/2024\/08\/2L5A2229_small.jpg","contentUrl":"https:\/\/www.louisdewaele.be\/wp-content\/uploads\/2024\/08\/2L5A2229_small.jpg","width":2000,"height":1333},{"@type":"BreadcrumbList","@id":"https:\/\/www.louisdewaele.be\/fr\/groupe\/gouvernance\/#breadcrumb","itemListElement":[{"@type":"ListItem","position":1,"name":"Home","item":"https:\/\/www.louisdewaele.be\/fr\/"},{"@type":"ListItem","position":2,"name":"Louis De Waele","item":"https:\/\/www.louisdewaele.be\/fr\/groupe\/"},{"@type":"ListItem","position":3,"name":"Gouvernance"}]},{"@type":"WebSite","@id":"https:\/\/www.louisdewaele.be\/fr\/#website","url":"https:\/\/www.louisdewaele.be\/fr\/","name":"Louis De Waele Construction","description":"Louis De Waele Construction","potentialAction":[{"@type":"SearchAction","target":{"@type":"EntryPoint","urlTemplate":"https:\/\/www.louisdewaele.be\/fr\/?s={search_term_string}"},"query-input":{"@type":"PropertyValueSpecification","valueRequired":true,"valueName":"search_term_string"}}],"inLanguage":"fr-FR"}]}},"_links":{"self":[{"href":"https:\/\/www.louisdewaele.be\/fr\/wp-json\/wp\/v2\/pages\/7522","targetHints":{"allow":["GET"]}}],"collection":[{"href":"https:\/\/www.louisdewaele.be\/fr\/wp-json\/wp\/v2\/pages"}],"about":[{"href":"https:\/\/www.louisdewaele.be\/fr\/wp-json\/wp\/v2\/types\/page"}],"author":[{"embeddable":true,"href":"https:\/\/www.louisdewaele.be\/fr\/wp-json\/wp\/v2\/users\/23"}],"replies":[{"embeddable":true,"href":"https:\/\/www.louisdewaele.be\/fr\/wp-json\/wp\/v2\/comments?post=7522"}],"version-history":[{"count":18,"href":"https:\/\/www.louisdewaele.be\/fr\/wp-json\/wp\/v2\/pages\/7522\/revisions"}],"predecessor-version":[{"id":11879,"href":"https:\/\/www.louisdewaele.be\/fr\/wp-json\/wp\/v2\/pages\/7522\/revisions\/11879"}],"up":[{"embeddable":true,"href":"https:\/\/www.louisdewaele.be\/fr\/wp-json\/wp\/v2\/pages\/7103"}],"wp:featuredmedia":[{"embeddable":true,"href":"https:\/\/www.louisdewaele.be\/fr\/wp-json\/wp\/v2\/media\/11025"}],"wp:attachment":[{"href":"https:\/\/www.louisdewaele.be\/fr\/wp-json\/wp\/v2\/media?parent=7522"}],"curies":[{"name":"wp","href":"https:\/\/api.w.org\/{rel}","templated":true}]}}