{"id":7800,"date":"2022-10-19T06:59:43","date_gmt":"2022-10-19T06:59:43","guid":{"rendered":"https:\/\/dev.louisdewaele.be\/?page_id=7800"},"modified":"2022-10-21T10:27:27","modified_gmt":"2022-10-21T10:27:27","slug":"politique-dutilisation-des-cookies","status":"publish","type":"page","link":"https:\/\/www.louisdewaele.be\/fr\/politique-dutilisation-des-cookies\/","title":{"rendered":"Politique d&rsquo;utilisation des cookies"},"content":{"rendered":"<h1>Politique d&rsquo;utilisation des cookies<\/h1>\n<p>Louis De Waele veille a\u0300 assurer a\u0300 la fois le respect de votre vie prive\u0301e et votre confort de navigation sur notre site internet (ou site Web). Pour ce faire, nous utilisons sur notre site internet (ou site Web) des cookies qui n\u2019affectent en rien votre vie prive\u0301e. Nous estimons important de vous informer clairement a\u0300 ce sujet.<\/p>\n<p>Lors de la consultation de notre site internet (ou site Web), des informations relatives a\u0300 la navigation de votre appareil (ordinateur, tablette, smartphone, etc) sur notre site internet (ou site Web), sont susceptibles d&rsquo;e\u0302tre enregistre\u0301es dans des fichiers \u00ab Cookies\u00a0\u00bb\u00a0installe\u0301s sur votre appareil, sous re\u0301serve des choix que vous auriez exprime\u0301s concernant les cookies et que vous pouvez modifier a\u0300 tout moment.<\/p>\n<h2><\/h2>\n<h2>Que signifie \u00ab Cookies \u00bb ?<\/h2>\n<p>Un cookie est un simple fichier de texte envoye\u0301 avec les pages de ce site internet. Ensuite, votre navigateur peut l\u2019enregistrer sur le disque dur de votre ordinateur, tablette ou te\u0301le\u0301phone portable.<\/p>\n<p><strong>Important : les cookies sont totalement inoffensifs. Ils n\u2019effacent aucune donne\u0301e de votre appareil et n\u2019alte\u0300rent aucun fichier ou programme. Et ils ne peuvent contenir aucun virus.<\/strong><\/p>\n<p>Il y a deux types principaux de cookies :<\/p>\n<p>Les cookies transitoires &#8211; qui ne vivent que pendant que vous visitez un site internet. Ils servent a\u0300 vous reconnai\u0302tre lorsque vous passez d&rsquo;une page a\u0300 une autre. A titre d&rsquo;exemple, ils peuvent me\u0301moriser ce que vous placez dans un panier d&rsquo;achat dans les syste\u0300mes d&rsquo;achat en ligne. Ils sont efface\u0301s lorsque vous avez termine\u0301. Ces cookies peuvent aussi participer au maintien de l&rsquo;inte\u0301grite\u0301 et a\u0300 la se\u0301curite\u0301 de la session.<\/p>\n<p>Les cookies persistants (ou permanents) &#8211; qui restent sur votre appareil jusqu&rsquo;a\u0300 une e\u0301ventuelle date d&rsquo;expiration ou jusqu&rsquo;a\u0300 ce qu&rsquo;ils soient efface\u0301s. Beaucoup sont ba\u0302tis avec une date d&rsquo;effacement automatique qui permet qu&rsquo;ils disparaissent automatiquement et sans dommage a\u0300 la date indique\u0301e. Ceci e\u0301vite que votre disque se remplisse de ces petits fichiers. Ce type de cookies est souvent utilise\u0301 pour conserver et re\u0301utiliser des informations de login pour vous e\u0301viter de me\u0301moriser de longues suites de codes.<\/p>\n<p>Louis De Waele utilise les deux types de cookies dans son site <a href=\"https:\/\/www.louisdewaele.be\">www.louisdewaele.be<\/a>. Cette utilisation a pour but d&rsquo;optimiser la se\u0301curite\u0301 de notre site internet (ou site Web) et de fournir un service optimal.<\/p>\n<p>&nbsp;<\/p>\n<h2>\u00c0 quoi servent les cookies \u00e9mis sur ce site internet ?<\/h2>\n<p>Gra\u0302ce a\u0300 un cookie, notre site internet (ou site Web) peut vous reconnai\u0302tre tout en pre\u0301servant votre anonymat. Le site internet prend connaissance de vos pre\u0301fe\u0301rences et s\u2019adapte automatiquement a\u0300 vos souhaits. Mais ces informations ne sont aucunement lie\u0301es a\u0300 votre nom ou identite\u0301. Ainsi, par exemple, ces cookies vous permettent de surfer directement dans votre langue, vous e\u0301vitent de devoir a\u0300 chaque fois comple\u0301ter vos donne\u0301es de connexion. En clair, ils rendent l\u2019utilisation du site internet de <span class=\"letterPink\">a<\/span>rchipelago beaucoup plus rapide et agre\u0301able.<\/p>\n<p>Par ailleurs, les cookies peuvent mesurer la popularite\u0301 des pages web ou la dure\u0301e moyenne de votre visite sur notre site internet (ou site Web).<\/p>\n<p>Les cookies ame\u0301liorent notre site internet (ou site Web), pour vous et pour nous. Gra\u0302ce aux cookies, vous acce\u0301dez plus rapidement aux informations que vous souhaitez. Par exemple, vous ne devez pas choisir la langue, ni introduire les me\u0302mes coordonne\u0301es a\u0300 chaque visite.<\/p>\n<p>Pour Louis De Waele, les cookies permettent de rendre les fonctionnalite\u0301s du site internet plus performantes et pertinentes. En analysant le comportement de navigation de nos visiteurs, nous voyons quelles informations ont e\u0301te\u0301 les plus consulte\u0301es. Nous pouvons donc ame\u0301liorer continuellement nos services.<\/p>\n<p>&nbsp;<\/p>\n<h2>Les cookies que nous \u00e9mettons nous permettent :<\/h2>\n<ul>\n<li>d&rsquo;e\u0301tablir des statistiques et volumes de fre\u0301quentation et d&rsquo;utilisation des diverses e\u0301le\u0301ments composant notre site internet\u00a0(ou site Web) (rubriques et contenus visite\u0301s, parcours), nous permettant d&rsquo;ame\u0301liorer l&rsquo;inte\u0301re\u0302t et l&rsquo;ergonomie de nos services;<\/li>\n<li>d&rsquo;adapter la pre\u0301sentation de notre site internet (ou site Web) aux pre\u0301fe\u0301rences d&rsquo;affichage de votre appareil (langue utilise\u0301e, re\u0301solution d&rsquo;affichage, syste\u0300me d&rsquo;exploitation utilise\u0301, etc) lors de vos visites sur notre site internet (ou site Web), selon les mate\u0301riels et les logiciels de visualisation ou de lecture que votre appareil comporte;<\/li>\n<li>de me\u0301moriser des informations relatives a\u0300 un formulaire que vous avez rempli sur notre site internet (ou site Web) (inscription ou acce\u0300s a\u0300 votre compte) ou a\u0300 des produits, services ou informations que vous avez choisis sur notre site internet (ou site Web) (service souscrit, contenu d&rsquo;un panier de commande, etc);<\/li>\n<li>de vous permettre d&rsquo;acce\u0301der a\u0300 des espaces re\u0301serve\u0301s et personnels de notre site internet (ou site Web) tels que votre compte, gra\u0302ce a\u0300 des identifiants ou des donne\u0301es que vous nous avez e\u0301ventuellement ante\u0301rieurement confie\u0301s;<\/li>\n<li>de mettre en \u0153uvre des mesures de se\u0301curite\u0301, par exemple lorsqu&rsquo;il vous est demande\u0301 de vous connecter a\u0300 nouveau a\u0300 un contenu ou a\u0300 un service apre\u0300s un certain laps de temps.<\/li>\n<\/ul>\n<div id=\"ot-sdk-cookie-policy\"><\/div>\n<h2>Consentement du visiteur<\/h2>\n<p>Lorsque vous ouvrez le site internet et avant que les donn\u00e9es ne soient stock\u00e9es et \/ ou que les cookies ne soient install\u00e9s sur votre appareil, vous \u00eates inform\u00e9 de l&rsquo;utilisation de cookies et vous \u00eates invit\u00e9 \u00e0 donner votre consentement \u00e0 cet effet. Vous pouvez \u00e9galement d\u00e9sactiver chaque cat\u00e9gorie de cookies (\u00e0 l&rsquo;exception des cookies strictement n\u00e9cessaires). Si vous refusez les cookies, vous aurez toujours acc\u00e8s au site internet, mais votre navigateur fonctionnera plus lentement ou vous aurez des difficult\u00e9s ou aucun acc\u00e8s \u00e0 certaines parties ou fonctionnalit\u00e9s du site internet.<\/p>\n<p>Vous pouvez \u00e0 tout moment retirer votre consentement et refuser l&rsquo;installation de cookies sur votre appareil ou leur utilisation sur le site internet et \/ ou supprimer les cookies en cliquant sur le param\u00e8tre de personnalisation des cookies ou en modifiant les param\u00e8tres de votre navigateur (voir ci-dessous).<\/p>\n<p><button id=\"ot-sdk-btn\" class=\"ot-sdk-show-settings\">Cookie Settings<\/button><\/p>\n<p>&nbsp;<\/p>\n<h2>Comment supprimer ou bloquer les cookies ou modifier vos param\u00e8tres?<\/h2>\n<p>Sauf si vous avez modifi\u00e9 les param\u00e8tres de votre navigateur pour refuser les cookies, le site internet utilisera des cookies d\u00e8s que vous visitez le site internet. En utilisant le site internet, vous acceptez que nous stockions des cookies strictement n\u00e9cessaires sur votre appareil.<\/p>\n<p>Vous pouvez d\u00e9sactiver chaque cat\u00e9gorie de cookies (\u00e0 l&rsquo;exception des cookies strictement n\u00e9cessaires) en cliquant sur les param\u00e8tres de personnalisation des cookies:<\/p>\n<p><button id=\"ot-sdk-btn\" class=\"ot-sdk-show-settings\">Cookie Settings<\/button><\/p>\n<p>&nbsp;<\/p>\n<p>Pour plus d&rsquo;informations sur la suppression et le blocage des cookies \u00e0 l&rsquo;aide des param\u00e8tres de votre navigateur, vous pouvez visiter :\u00a0<a href=\"https:\/\/www.allaboutcookies.org\/\" target=\"_blank\" rel=\"noreferrer noopener\">All about cookies<\/a><\/p>\n<p>Veuillez noter que la restriction des cookies peut avoir un impact sur la fonctionnalit\u00e9 de notre site internet. Certains de nos services peuvent n\u00e9cessiter des cookies dans votre navigateur pour les afficher et les utiliser.<\/p>\n<p>Cette politique de cookies peut \u00eatre modifi\u00e9e, par exemple, en relation avec de nouvelles fonctionnalit\u00e9s sur le site internet. Nous vous recommandons donc de consulter r\u00e9guli\u00e8rement cette politique de cookies.<\/p>\n","protected":false},"excerpt":{"rendered":"<p>Politique d&rsquo;utilisation des cookies Louis De Waele veille a\u0300 assurer a\u0300 la fois le respect de votre vie prive\u0301e et votre confort de navigation sur notre site internet (ou site Web). Pour ce faire, nous utilisons sur notre site internet (ou site Web) des cookies qui n\u2019affectent en rien votre vie prive\u0301e. Nous estimons important [&hellip;]<\/p>\n","protected":false},"author":22,"featured_media":0,"parent":0,"menu_order":0,"comment_status":"closed","ping_status":"closed","template":"","meta":{"_acf_changed":false,"footnotes":""},"class_list":["post-7800","page","type-page","status-publish","hentry"],"acf":[],"yoast_head":"<!-- This site is optimized with the Yoast SEO plugin v26.7 - https:\/\/yoast.com\/wordpress\/plugins\/seo\/ -->\n<title>Politique d&#039;utilisation des cookies - Louis De Waele Construction<\/title>\n<meta name=\"robots\" content=\"index, follow, max-snippet:-1, max-image-preview:large, max-video-preview:-1\" \/>\n<link rel=\"canonical\" href=\"https:\/\/www.louisdewaele.be\/fr\/politique-dutilisation-des-cookies\/\" \/>\n<meta property=\"og:locale\" content=\"fr_FR\" \/>\n<meta property=\"og:type\" content=\"article\" \/>\n<meta property=\"og:title\" content=\"Politique d&#039;utilisation des cookies - Louis De Waele Construction\" \/>\n<meta property=\"og:description\" content=\"Politique d&rsquo;utilisation des cookies Louis De Waele veille a\u0300 assurer a\u0300 la fois le respect de votre vie prive\u0301e et votre confort de navigation sur notre site internet (ou site Web). Pour ce faire, nous utilisons sur notre site internet (ou site Web) des cookies qui n\u2019affectent en rien votre vie prive\u0301e. Nous estimons important [&hellip;]\" \/>\n<meta property=\"og:url\" content=\"https:\/\/www.louisdewaele.be\/fr\/politique-dutilisation-des-cookies\/\" \/>\n<meta property=\"og:site_name\" content=\"Louis De Waele Construction\" \/>\n<meta property=\"article:modified_time\" content=\"2022-10-21T10:27:27+00:00\" \/>\n<meta name=\"twitter:card\" content=\"summary_large_image\" \/>\n<meta name=\"twitter:label1\" content=\"Dur\u00e9e de lecture estim\u00e9e\" \/>\n\t<meta name=\"twitter:data1\" content=\"6 minutes\" \/>\n<script type=\"application\/ld+json\" class=\"yoast-schema-graph\">{\"@context\":\"https:\/\/schema.org\",\"@graph\":[{\"@type\":\"WebPage\",\"@id\":\"https:\/\/www.louisdewaele.be\/fr\/politique-dutilisation-des-cookies\/\",\"url\":\"https:\/\/www.louisdewaele.be\/fr\/politique-dutilisation-des-cookies\/\",\"name\":\"Politique d'utilisation des cookies - Louis De Waele Construction\",\"isPartOf\":{\"@id\":\"https:\/\/www.louisdewaele.be\/fr\/#website\"},\"datePublished\":\"2022-10-19T06:59:43+00:00\",\"dateModified\":\"2022-10-21T10:27:27+00:00\",\"breadcrumb\":{\"@id\":\"https:\/\/www.louisdewaele.be\/fr\/politique-dutilisation-des-cookies\/#breadcrumb\"},\"inLanguage\":\"fr-FR\",\"potentialAction\":[{\"@type\":\"ReadAction\",\"target\":[\"https:\/\/www.louisdewaele.be\/fr\/politique-dutilisation-des-cookies\/\"]}]},{\"@type\":\"BreadcrumbList\",\"@id\":\"https:\/\/www.louisdewaele.be\/fr\/politique-dutilisation-des-cookies\/#breadcrumb\",\"itemListElement\":[{\"@type\":\"ListItem\",\"position\":1,\"name\":\"Home\",\"item\":\"https:\/\/www.louisdewaele.be\/fr\/\"},{\"@type\":\"ListItem\",\"position\":2,\"name\":\"Politique d&rsquo;utilisation des cookies\"}]},{\"@type\":\"WebSite\",\"@id\":\"https:\/\/www.louisdewaele.be\/fr\/#website\",\"url\":\"https:\/\/www.louisdewaele.be\/fr\/\",\"name\":\"Louis De Waele Construction\",\"description\":\"Louis De Waele Construction\",\"potentialAction\":[{\"@type\":\"SearchAction\",\"target\":{\"@type\":\"EntryPoint\",\"urlTemplate\":\"https:\/\/www.louisdewaele.be\/fr\/?s={search_term_string}\"},\"query-input\":{\"@type\":\"PropertyValueSpecification\",\"valueRequired\":true,\"valueName\":\"search_term_string\"}}],\"inLanguage\":\"fr-FR\"}]}<\/script>\n<!-- \/ Yoast SEO plugin. -->","yoast_head_json":{"title":"Politique d'utilisation des cookies - Louis De Waele Construction","robots":{"index":"index","follow":"follow","max-snippet":"max-snippet:-1","max-image-preview":"max-image-preview:large","max-video-preview":"max-video-preview:-1"},"canonical":"https:\/\/www.louisdewaele.be\/fr\/politique-dutilisation-des-cookies\/","og_locale":"fr_FR","og_type":"article","og_title":"Politique d'utilisation des cookies - Louis De Waele Construction","og_description":"Politique d&rsquo;utilisation des cookies Louis De Waele veille a\u0300 assurer a\u0300 la fois le respect de votre vie prive\u0301e et votre confort de navigation sur notre site internet (ou site Web). Pour ce faire, nous utilisons sur notre site internet (ou site Web) des cookies qui n\u2019affectent en rien votre vie prive\u0301e. Nous estimons important [&hellip;]","og_url":"https:\/\/www.louisdewaele.be\/fr\/politique-dutilisation-des-cookies\/","og_site_name":"Louis De Waele Construction","article_modified_time":"2022-10-21T10:27:27+00:00","twitter_card":"summary_large_image","twitter_misc":{"Dur\u00e9e de lecture estim\u00e9e":"6 minutes"},"schema":{"@context":"https:\/\/schema.org","@graph":[{"@type":"WebPage","@id":"https:\/\/www.louisdewaele.be\/fr\/politique-dutilisation-des-cookies\/","url":"https:\/\/www.louisdewaele.be\/fr\/politique-dutilisation-des-cookies\/","name":"Politique d'utilisation des cookies - Louis De Waele Construction","isPartOf":{"@id":"https:\/\/www.louisdewaele.be\/fr\/#website"},"datePublished":"2022-10-19T06:59:43+00:00","dateModified":"2022-10-21T10:27:27+00:00","breadcrumb":{"@id":"https:\/\/www.louisdewaele.be\/fr\/politique-dutilisation-des-cookies\/#breadcrumb"},"inLanguage":"fr-FR","potentialAction":[{"@type":"ReadAction","target":["https:\/\/www.louisdewaele.be\/fr\/politique-dutilisation-des-cookies\/"]}]},{"@type":"BreadcrumbList","@id":"https:\/\/www.louisdewaele.be\/fr\/politique-dutilisation-des-cookies\/#breadcrumb","itemListElement":[{"@type":"ListItem","position":1,"name":"Home","item":"https:\/\/www.louisdewaele.be\/fr\/"},{"@type":"ListItem","position":2,"name":"Politique d&rsquo;utilisation des cookies"}]},{"@type":"WebSite","@id":"https:\/\/www.louisdewaele.be\/fr\/#website","url":"https:\/\/www.louisdewaele.be\/fr\/","name":"Louis De Waele Construction","description":"Louis De Waele Construction","potentialAction":[{"@type":"SearchAction","target":{"@type":"EntryPoint","urlTemplate":"https:\/\/www.louisdewaele.be\/fr\/?s={search_term_string}"},"query-input":{"@type":"PropertyValueSpecification","valueRequired":true,"valueName":"search_term_string"}}],"inLanguage":"fr-FR"}]}},"_links":{"self":[{"href":"https:\/\/www.louisdewaele.be\/fr\/wp-json\/wp\/v2\/pages\/7800","targetHints":{"allow":["GET"]}}],"collection":[{"href":"https:\/\/www.louisdewaele.be\/fr\/wp-json\/wp\/v2\/pages"}],"about":[{"href":"https:\/\/www.louisdewaele.be\/fr\/wp-json\/wp\/v2\/types\/page"}],"author":[{"embeddable":true,"href":"https:\/\/www.louisdewaele.be\/fr\/wp-json\/wp\/v2\/users\/22"}],"replies":[{"embeddable":true,"href":"https:\/\/www.louisdewaele.be\/fr\/wp-json\/wp\/v2\/comments?post=7800"}],"version-history":[{"count":9,"href":"https:\/\/www.louisdewaele.be\/fr\/wp-json\/wp\/v2\/pages\/7800\/revisions"}],"predecessor-version":[{"id":7850,"href":"https:\/\/www.louisdewaele.be\/fr\/wp-json\/wp\/v2\/pages\/7800\/revisions\/7850"}],"wp:attachment":[{"href":"https:\/\/www.louisdewaele.be\/fr\/wp-json\/wp\/v2\/media?parent=7800"}],"curies":[{"name":"wp","href":"https:\/\/api.w.org\/{rel}","templated":true}]}}